{"id":26,"date":"2025-12-09T14:21:46","date_gmt":"2025-12-09T14:21:46","guid":{"rendered":"https:\/\/chrisalcazar-correction.fr\/?page_id=26"},"modified":"2026-02-27T15:36:51","modified_gmt":"2026-02-27T15:36:51","slug":"contact","status":"publish","type":"page","link":"https:\/\/chrisalcazar-correction.fr\/index.php\/contact\/","title":{"rendered":"Contact"},"content":{"rendered":"\t\t<div data-elementor-type=\"wp-page\" data-elementor-id=\"26\" class=\"elementor elementor-26\">\n\t\t\t\t<div class=\"elementor-element elementor-element-7fe0972 e-flex e-con-boxed e-con e-parent\" data-id=\"7fe0972\" data-element_type=\"container\" data-e-type=\"container\" data-settings=\"{&quot;background_background&quot;:&quot;classic&quot;}\">\n\t\t\t\t\t<div class=\"e-con-inner\">\n\t\t\t\t<div class=\"elementor-element elementor-element-5e45609 elementor-widget elementor-widget-heading\" data-id=\"5e45609\" data-element_type=\"widget\" data-e-type=\"widget\" data-widget_type=\"heading.default\">\n\t\t\t\t\t<h1 class=\"elementor-heading-title elementor-size-default\">Me contacter<\/h1>\t\t\t\t<\/div>\n\t\t\t\t\t<\/div>\n\t\t\t\t<\/div>\n\t\t<div class=\"elementor-element elementor-element-f9c644d e-flex e-con-boxed e-con e-parent\" data-id=\"f9c644d\" data-element_type=\"container\" data-e-type=\"container\" data-settings=\"{&quot;background_background&quot;:&quot;classic&quot;}\">\n\t\t\t\t\t<div class=\"e-con-inner\">\n\t\t\t\t<div class=\"elementor-element elementor-element-ebb6027 elementor-widget elementor-widget-text-editor\" data-id=\"ebb6027\" data-element_type=\"widget\" data-e-type=\"widget\" data-widget_type=\"text-editor.default\">\n\t\t\t\t\t\t\t\t\t<p data-start=\"867\" data-end=\"951\">Vous avez un <strong>projet<\/strong> <strong>d\u2019\u00e9criture<\/strong>, un <strong>manuscrit en cours<\/strong> ou un <strong>texte \u00e0 faire relire<\/strong> ?<\/p><p data-start=\"958\" data-end=\"1129\">Vous pouvez me contacter via le formulaire ci-dessous. Je vous r\u00e9pondrai dans un d\u00e9lai de <strong data-start=\"1048\" data-end=\"1066\">24 \u00e0 48 heures<\/strong> avec une premi\u00e8re estimation ou des questions compl\u00e9mentaires.<\/p><p data-start=\"958\" data-end=\"1129\">Un extrait de votre texte pourra vous \u00eatre demand\u00e9 afin d\u2019\u00e9tablir un devis pr\u00e9cis.<\/p>\t\t\t\t\t\t\t\t<\/div>\n\t\t\t\t\t<\/div>\n\t\t\t\t<\/div>\n\t\t<div class=\"elementor-element elementor-element-a4ad9fa e-flex e-con-boxed e-con e-parent\" data-id=\"a4ad9fa\" data-element_type=\"container\" data-e-type=\"container\">\n\t\t\t\t\t<div class=\"e-con-inner\">\n\t\t\t\t<div class=\"elementor-element elementor-element-c311d4c elementor-widget elementor-widget-shortcode\" data-id=\"c311d4c\" data-element_type=\"widget\" data-e-type=\"widget\" data-widget_type=\"shortcode.default\">\n\t\t\t\t\t\t\t<div class=\"elementor-shortcode\"><style id=\"wpforms-css-vars-279\">\n\t\t\t\t#wpforms-279 {\n\t\t\t\t--wpforms-field-border-radius: 8px;\n--wpforms-field-border-color: #E2E2E5;\n--wpforms-field-border-color-spare: #E2E2E5;\n--wpforms-field-text-color: #3A3A3A;\n--wpforms-label-color: #1E1E1E;\n--wpforms-label-sublabel-color: rgba(0, 0, 0, 0.55);\n--wpforms-button-border-radius: 8px;\n--wpforms-button-background-color: #A7D7C5;\n--wpforms-button-text-color: #1E1E1E;\n--wpforms-container-padding: 0px;\n--wpforms-container-border-width: 1px;\n--wpforms-container-border-radius: 3px;\n--wpforms-background-color: rgba(0, 0, 0, 0);\n--wpforms-field-size-input-height: 43px;\n--wpforms-field-size-input-spacing: 15px;\n--wpforms-field-size-font-size: 16px;\n--wpforms-field-size-line-height: 19px;\n--wpforms-field-size-padding-h: 14px;\n--wpforms-field-size-checkbox-size: 16px;\n--wpforms-field-size-sublabel-spacing: 5px;\n--wpforms-field-size-icon-size: 1;\n--wpforms-label-size-font-size: 16px;\n--wpforms-label-size-line-height: 19px;\n--wpforms-label-size-sublabel-font-size: 14px;\n--wpforms-label-size-sublabel-line-height: 17px;\n--wpforms-button-size-font-size: 17px;\n--wpforms-button-size-height: 41px;\n--wpforms-button-size-padding-h: 15px;\n--wpforms-button-size-margin-top: 10px;\n--wpforms-container-shadow-size-box-shadow: none;\n\t\t\t}\n\t\t\t<\/style><div class=\"wpforms-container wpforms-container-full wpforms-render-modern\" id=\"wpforms-279\"><form id=\"wpforms-form-279\" class=\"wpforms-validate wpforms-form wpforms-ajax-form\" data-formid=\"279\" method=\"post\" enctype=\"multipart\/form-data\" action=\"\/index.php\/wp-json\/wp\/v2\/pages\/26\" data-token=\"fd55c71a60e2512ebd48432a8c351d15\" data-token-time=\"1775577038\"><noscript class=\"wpforms-error-noscript\">Veuillez activer JavaScript dans votre navigateur pour remplir ce formulaire.<\/noscript><div id=\"wpforms-error-noscript\" style=\"display: none;\">Veuillez activer JavaScript dans votre navigateur pour remplir ce formulaire.<\/div><div class=\"wpforms-field-container\"><div id=\"wpforms-279-field_1-container\" class=\"wpforms-field wpforms-field-name\" data-field-id=\"1\"><fieldset><legend class=\"wpforms-field-label\">Pr\u00e9nom Nom \/ Pseudonyme <span class=\"wpforms-required-label\" aria-hidden=\"true\">*<\/span><\/legend><div class=\"wpforms-field-row wpforms-field-medium\"><div class=\"wpforms-field-row-block wpforms-first wpforms-one-half\"><input type=\"text\" id=\"wpforms-279-field_1\" class=\"wpforms-field-name-first wpforms-field-required\" name=\"wpforms[fields][1][first]\" aria-errormessage=\"wpforms-279-field_1-error\" required><label for=\"wpforms-279-field_1\" class=\"wpforms-field-sublabel after\">Pr\u00e9nom<\/label><\/div><div class=\"wpforms-field-row-block wpforms-one-half\"><input type=\"text\" id=\"wpforms-279-field_1-last\" class=\"wpforms-field-name-last wpforms-field-required\" name=\"wpforms[fields][1][last]\" aria-errormessage=\"wpforms-279-field_1-last-error\" required><label for=\"wpforms-279-field_1-last\" class=\"wpforms-field-sublabel after\">Nom<\/label><\/div><\/div><\/fieldset><\/div><div id=\"wpforms-279-field_2-container\" class=\"wpforms-field wpforms-field-email\" data-field-id=\"2\"><label class=\"wpforms-field-label\" for=\"wpforms-279-field_2\">E-mail <span class=\"wpforms-required-label\" aria-hidden=\"true\">*<\/span><\/label><input type=\"email\" id=\"wpforms-279-field_2\" class=\"wpforms-field-medium wpforms-field-required\" name=\"wpforms[fields][2]\" spellcheck=\"false\" aria-errormessage=\"wpforms-279-field_2-error\" required><\/div><div id=\"wpforms-279-field_4-container\" class=\"wpforms-field wpforms-field-select wpforms-field-select-style-classic\" data-field-id=\"4\"><label class=\"wpforms-field-label\" for=\"wpforms-279-field_4\">Type de projet <span class=\"wpforms-required-label\" aria-hidden=\"true\">*<\/span><\/label><select id=\"wpforms-279-field_4\" class=\"wpforms-field-medium wpforms-field-required\" name=\"wpforms[fields][4]\" required=\"required\"><option value=\"\" class=\"placeholder\" disabled  selected='selected'>--- S\u00e9lectionner un choix ---<\/option><option value=\"Alpha-lecture\"  class=\"choice-2 depth-1\"  >Alpha-lecture<\/option><option value=\"B\u00eata-lecture\"  class=\"choice-3 depth-1\"  >B\u00eata-lecture<\/option><option value=\"Correction simple\"  class=\"choice-4 depth-1\"  >Correction simple<\/option><option value=\"Correction \u00e9ditoriale\"  class=\"choice-5 depth-1\"  >Correction \u00e9ditoriale<\/option><option value=\"Correction sur \u00e9preuve\"  class=\"choice-6 depth-1\"  >Correction sur \u00e9preuve<\/option><option value=\"Maquette\"  class=\"choice-9 depth-1\"  >Maquette<\/option><option value=\"Texte professionnel \/ acad\u00e9mique\"  class=\"choice-7 depth-1\"  >Texte professionnel \/ acad\u00e9mique<\/option><option value=\"Autre\"  class=\"choice-8 depth-1\"  >Autre<\/option><\/select><\/div>\t\t<div id=\"wpforms-279-field_5-container\"\n\t\t\tclass=\"wpforms-field wpforms-field-text\"\n\t\t\tdata-field-type=\"text\"\n\t\t\tdata-field-id=\"5\"\n\t\t\t>\n\t\t\t<label class=\"wpforms-field-label\" for=\"wpforms-279-field_5\" >\/ (si E-mail<\/label>\n\t\t\t<input type=\"text\" id=\"wpforms-279-field_5\" class=\"wpforms-field-medium\" name=\"wpforms[fields][5]\" >\n\t\t<\/div>\n\t\t<div id=\"wpforms-279-field_6-container\" class=\"wpforms-field wpforms-field-text\" data-field-id=\"6\"><label class=\"wpforms-field-label\" for=\"wpforms-279-field_6\">Nombre de mots ou de signes (si connu)<\/label><input type=\"text\" id=\"wpforms-279-field_6\" class=\"wpforms-field-medium\" name=\"wpforms[fields][6]\" aria-errormessage=\"wpforms-279-field_6-error\" ><\/div><div id=\"wpforms-279-field_3-container\" class=\"wpforms-field wpforms-field-textarea\" data-field-id=\"3\"><label class=\"wpforms-field-label\" for=\"wpforms-279-field_3\">Message <span class=\"wpforms-required-label\" aria-hidden=\"true\">*<\/span><\/label><textarea id=\"wpforms-279-field_3\" class=\"wpforms-field-medium wpforms-field-required\" name=\"wpforms[fields][3]\" aria-errormessage=\"wpforms-279-field_3-error\" required><\/textarea><\/div><script>\n\t\t\t\t( function() {\n\t\t\t\t\tconst style = document.createElement( 'style' );\n\t\t\t\t\tstyle.appendChild( document.createTextNode( '#wpforms-279-field_5-container { position: absolute !important; overflow: hidden !important; display: inline !important; height: 1px !important; width: 1px !important; z-index: -1000 !important; padding: 0 !important; } #wpforms-279-field_5-container input { visibility: hidden; } #wpforms-conversational-form-page #wpforms-279-field_5-container label { counter-increment: none; }' ) );\n\t\t\t\t\tdocument.head.appendChild( style );\n\t\t\t\t\tdocument.currentScript?.remove();\n\t\t\t\t} )();\n\t\t\t<\/script><\/div><!-- .wpforms-field-container --><div class=\"wpforms-submit-container\" ><input type=\"hidden\" name=\"wpforms[id]\" value=\"279\"><input type=\"hidden\" name=\"page_title\" value=\"\"><input type=\"hidden\" name=\"page_url\" value=\"https:\/\/chrisalcazar-correction.fr\/index.php\/wp-json\/wp\/v2\/pages\/26\"><input type=\"hidden\" name=\"url_referer\" value=\"\"><button type=\"submit\" name=\"wpforms[submit]\" id=\"wpforms-submit-279\" class=\"wpforms-submit\" data-alt-text=\"Envoi...\" data-submit-text=\"Envoyer\" aria-live=\"assertive\" value=\"wpforms-submit\">Envoyer<\/button><img decoding=\"async\" src=\"https:\/\/chrisalcazar-correction.fr\/wp-content\/plugins\/wpforms-lite\/assets\/images\/submit-spin.svg\" class=\"wpforms-submit-spinner\" style=\"display: none;\" width=\"26\" height=\"26\" alt=\"Chargement en cours\"><\/div><\/form><\/div>  <!-- .wpforms-container --><\/div>\n\t\t\t\t\t\t<\/div>\n\t\t\t\t<div class=\"elementor-element elementor-element-cca5bb7 elementor-widget elementor-widget-text-editor\" data-id=\"cca5bb7\" data-element_type=\"widget\" data-e-type=\"widget\" data-widget_type=\"text-editor.default\">\n\t\t\t\t\t\t\t\t\t<p><em>Vos informations restent strictement confidentielles\u2026<\/em><\/p><p>En envoyant ce formulaire, vous acceptez <a href=\"https:\/\/chrisalcazar-correction.fr\/index.php\/politique-de-confidentialite\/\">la politique de confidentialit\u00e9.<\/a><\/p>\t\t\t\t\t\t\t\t<\/div>\n\t\t\t\t\t<\/div>\n\t\t\t\t<\/div>\n\t\t\t\t<\/div>\n\t\t","protected":false},"excerpt":{"rendered":"<p>Me contacter Vous avez un projet d\u2019\u00e9criture, un manuscrit en cours ou un texte \u00e0 faire relire ? Vous pouvez me contacter via le formulaire ci-dessous. Je vous r\u00e9pondrai dans un d\u00e9lai de 24 \u00e0 48 heures avec une premi\u00e8re estimation ou des questions compl\u00e9mentaires. Un extrait de votre texte pourra vous \u00eatre demand\u00e9 afin&#8230;<\/p>\n","protected":false},"author":1,"featured_media":0,"parent":0,"menu_order":0,"comment_status":"closed","ping_status":"closed","template":"","meta":{"_kadence_starter_templates_imported_post":false,"_kad_post_transparent":"default","_kad_post_title":"hide","_kad_post_layout":"fullwidth","_kad_post_sidebar_id":"","_kad_post_content_style":"unboxed","_kad_post_vertical_padding":"hide","_kad_post_feature":"hide","_kad_post_feature_position":"","_kad_post_header":false,"_kad_post_footer":false,"_kad_post_classname":"","footnotes":""},"class_list":["post-26","page","type-page","status-publish","hentry"],"yoast_head":"<!-- This site is optimized with the Yoast SEO plugin v27.3 - https:\/\/yoast.com\/product\/yoast-seo-wordpress\/ -->\n<title>Contact - Chris Alcazar - Relecture, Correction &amp; Maquette<\/title>\n<meta name=\"description\" content=\"Pour toutes questions sur mes services de relecture, correction et mise en page et les demandes de devis, contactez moi via le formulaire.\" \/>\n<meta name=\"robots\" content=\"index, follow, max-snippet:-1, max-image-preview:large, max-video-preview:-1\" \/>\n<link rel=\"canonical\" href=\"http:\/\/chrisalcazar-correction.fr\/index.php\/contact\/\" \/>\n<meta property=\"og:locale\" content=\"fr_FR\" \/>\n<meta property=\"og:type\" content=\"article\" \/>\n<meta property=\"og:title\" content=\"Contact - Chris Alcazar - Relecture, Correction &amp; Maquette\" \/>\n<meta property=\"og:description\" content=\"Pour toutes questions sur mes services de relecture, correction et mise en page et les demandes de devis, contactez moi via le formulaire.\" \/>\n<meta property=\"og:url\" content=\"http:\/\/chrisalcazar-correction.fr\/index.php\/contact\/\" \/>\n<meta property=\"og:site_name\" content=\"Chris Alcazar - Architecte des mots\" \/>\n<meta property=\"article:publisher\" content=\"https:\/\/www.facebook.com\/chrisalcazarcorrection\" \/>\n<meta property=\"article:modified_time\" content=\"2026-02-27T15:36:51+00:00\" \/>\n<meta name=\"twitter:card\" content=\"summary_large_image\" \/>\n<meta name=\"twitter:label1\" content=\"Dur\u00e9e de lecture estim\u00e9e\" \/>\n\t<meta name=\"twitter:data1\" content=\"1 minute\" \/>\n<script type=\"application\/ld+json\" class=\"yoast-schema-graph\">{\"@context\":\"https:\\\/\\\/schema.org\",\"@graph\":[{\"@type\":\"WebPage\",\"@id\":\"http:\\\/\\\/chrisalcazar-correction.fr\\\/index.php\\\/contact\\\/\",\"url\":\"http:\\\/\\\/chrisalcazar-correction.fr\\\/index.php\\\/contact\\\/\",\"name\":\"Contact - Chris Alcazar - Relecture, Correction & Maquette\",\"isPartOf\":{\"@id\":\"http:\\\/\\\/chrisalcazar-correction.fr\\\/#website\"},\"datePublished\":\"2025-12-09T14:21:46+00:00\",\"dateModified\":\"2026-02-27T15:36:51+00:00\",\"description\":\"Pour toutes questions sur mes services de relecture, correction et mise en page et les demandes de devis, contactez moi via le formulaire.\",\"breadcrumb\":{\"@id\":\"http:\\\/\\\/chrisalcazar-correction.fr\\\/index.php\\\/contact\\\/#breadcrumb\"},\"inLanguage\":\"fr-FR\",\"potentialAction\":[{\"@type\":\"ReadAction\",\"target\":[\"http:\\\/\\\/chrisalcazar-correction.fr\\\/index.php\\\/contact\\\/\"]}]},{\"@type\":\"BreadcrumbList\",\"@id\":\"http:\\\/\\\/chrisalcazar-correction.fr\\\/index.php\\\/contact\\\/#breadcrumb\",\"itemListElement\":[{\"@type\":\"ListItem\",\"position\":1,\"name\":\"Accueil\",\"item\":\"http:\\\/\\\/chrisalcazar-correction.fr\\\/\"},{\"@type\":\"ListItem\",\"position\":2,\"name\":\"Contact\"}]},{\"@type\":\"WebSite\",\"@id\":\"http:\\\/\\\/chrisalcazar-correction.fr\\\/#website\",\"url\":\"http:\\\/\\\/chrisalcazar-correction.fr\\\/\",\"name\":\"Chris Alcazar - Architecte des mots\",\"description\":\"Relecture &amp; Correction\",\"publisher\":{\"@id\":\"http:\\\/\\\/chrisalcazar-correction.fr\\\/#organization\"},\"potentialAction\":[{\"@type\":\"SearchAction\",\"target\":{\"@type\":\"EntryPoint\",\"urlTemplate\":\"http:\\\/\\\/chrisalcazar-correction.fr\\\/?s={search_term_string}\"},\"query-input\":{\"@type\":\"PropertyValueSpecification\",\"valueRequired\":true,\"valueName\":\"search_term_string\"}}],\"inLanguage\":\"fr-FR\"},{\"@type\":\"Organization\",\"@id\":\"http:\\\/\\\/chrisalcazar-correction.fr\\\/#organization\",\"name\":\"Chris Alcazar - Architecte des mots\",\"url\":\"http:\\\/\\\/chrisalcazar-correction.fr\\\/\",\"logo\":{\"@type\":\"ImageObject\",\"inLanguage\":\"fr-FR\",\"@id\":\"http:\\\/\\\/chrisalcazar-correction.fr\\\/#\\\/schema\\\/logo\\\/image\\\/\",\"url\":\"https:\\\/\\\/chrisalcazar-correction.fr\\\/wp-content\\\/uploads\\\/2025\\\/12\\\/cropped-logo-paysage-chris-alcazar-relecture-correction.png\",\"contentUrl\":\"https:\\\/\\\/chrisalcazar-correction.fr\\\/wp-content\\\/uploads\\\/2025\\\/12\\\/cropped-logo-paysage-chris-alcazar-relecture-correction.png\",\"width\":900,\"height\":250,\"caption\":\"Chris Alcazar - Architecte des mots\"},\"image\":{\"@id\":\"http:\\\/\\\/chrisalcazar-correction.fr\\\/#\\\/schema\\\/logo\\\/image\\\/\"},\"sameAs\":[\"https:\\\/\\\/www.facebook.com\\\/chrisalcazarcorrection\",\"https:\\\/\\\/www.instagram.com\\\/chroniques.by.chris\\\/\",\"https:\\\/\\\/www.linkedin.com\\\/in\\\/chris-alcazar-correctrice\"]}]}<\/script>\n<!-- \/ Yoast SEO plugin. -->","yoast_head_json":{"title":"Contact - Chris Alcazar - Relecture, Correction & Maquette","description":"Pour toutes questions sur mes services de relecture, correction et mise en page et les demandes de devis, contactez moi via le formulaire.","robots":{"index":"index","follow":"follow","max-snippet":"max-snippet:-1","max-image-preview":"max-image-preview:large","max-video-preview":"max-video-preview:-1"},"canonical":"http:\/\/chrisalcazar-correction.fr\/index.php\/contact\/","og_locale":"fr_FR","og_type":"article","og_title":"Contact - Chris Alcazar - Relecture, Correction & Maquette","og_description":"Pour toutes questions sur mes services de relecture, correction et mise en page et les demandes de devis, contactez moi via le formulaire.","og_url":"http:\/\/chrisalcazar-correction.fr\/index.php\/contact\/","og_site_name":"Chris Alcazar - Architecte des mots","article_publisher":"https:\/\/www.facebook.com\/chrisalcazarcorrection","article_modified_time":"2026-02-27T15:36:51+00:00","twitter_card":"summary_large_image","twitter_misc":{"Dur\u00e9e de lecture estim\u00e9e":"1 minute"},"schema":{"@context":"https:\/\/schema.org","@graph":[{"@type":"WebPage","@id":"http:\/\/chrisalcazar-correction.fr\/index.php\/contact\/","url":"http:\/\/chrisalcazar-correction.fr\/index.php\/contact\/","name":"Contact - Chris Alcazar - Relecture, Correction & Maquette","isPartOf":{"@id":"http:\/\/chrisalcazar-correction.fr\/#website"},"datePublished":"2025-12-09T14:21:46+00:00","dateModified":"2026-02-27T15:36:51+00:00","description":"Pour toutes questions sur mes services de relecture, correction et mise en page et les demandes de devis, contactez moi via le formulaire.","breadcrumb":{"@id":"http:\/\/chrisalcazar-correction.fr\/index.php\/contact\/#breadcrumb"},"inLanguage":"fr-FR","potentialAction":[{"@type":"ReadAction","target":["http:\/\/chrisalcazar-correction.fr\/index.php\/contact\/"]}]},{"@type":"BreadcrumbList","@id":"http:\/\/chrisalcazar-correction.fr\/index.php\/contact\/#breadcrumb","itemListElement":[{"@type":"ListItem","position":1,"name":"Accueil","item":"http:\/\/chrisalcazar-correction.fr\/"},{"@type":"ListItem","position":2,"name":"Contact"}]},{"@type":"WebSite","@id":"http:\/\/chrisalcazar-correction.fr\/#website","url":"http:\/\/chrisalcazar-correction.fr\/","name":"Chris Alcazar - Architecte des mots","description":"Relecture &amp; Correction","publisher":{"@id":"http:\/\/chrisalcazar-correction.fr\/#organization"},"potentialAction":[{"@type":"SearchAction","target":{"@type":"EntryPoint","urlTemplate":"http:\/\/chrisalcazar-correction.fr\/?s={search_term_string}"},"query-input":{"@type":"PropertyValueSpecification","valueRequired":true,"valueName":"search_term_string"}}],"inLanguage":"fr-FR"},{"@type":"Organization","@id":"http:\/\/chrisalcazar-correction.fr\/#organization","name":"Chris Alcazar - Architecte des mots","url":"http:\/\/chrisalcazar-correction.fr\/","logo":{"@type":"ImageObject","inLanguage":"fr-FR","@id":"http:\/\/chrisalcazar-correction.fr\/#\/schema\/logo\/image\/","url":"https:\/\/chrisalcazar-correction.fr\/wp-content\/uploads\/2025\/12\/cropped-logo-paysage-chris-alcazar-relecture-correction.png","contentUrl":"https:\/\/chrisalcazar-correction.fr\/wp-content\/uploads\/2025\/12\/cropped-logo-paysage-chris-alcazar-relecture-correction.png","width":900,"height":250,"caption":"Chris Alcazar - Architecte des mots"},"image":{"@id":"http:\/\/chrisalcazar-correction.fr\/#\/schema\/logo\/image\/"},"sameAs":["https:\/\/www.facebook.com\/chrisalcazarcorrection","https:\/\/www.instagram.com\/chroniques.by.chris\/","https:\/\/www.linkedin.com\/in\/chris-alcazar-correctrice"]}]}},"jetpack_sharing_enabled":true,"_links":{"self":[{"href":"https:\/\/chrisalcazar-correction.fr\/index.php\/wp-json\/wp\/v2\/pages\/26","targetHints":{"allow":["GET"]}}],"collection":[{"href":"https:\/\/chrisalcazar-correction.fr\/index.php\/wp-json\/wp\/v2\/pages"}],"about":[{"href":"https:\/\/chrisalcazar-correction.fr\/index.php\/wp-json\/wp\/v2\/types\/page"}],"author":[{"embeddable":true,"href":"https:\/\/chrisalcazar-correction.fr\/index.php\/wp-json\/wp\/v2\/users\/1"}],"replies":[{"embeddable":true,"href":"https:\/\/chrisalcazar-correction.fr\/index.php\/wp-json\/wp\/v2\/comments?post=26"}],"version-history":[{"count":77,"href":"https:\/\/chrisalcazar-correction.fr\/index.php\/wp-json\/wp\/v2\/pages\/26\/revisions"}],"predecessor-version":[{"id":1908,"href":"https:\/\/chrisalcazar-correction.fr\/index.php\/wp-json\/wp\/v2\/pages\/26\/revisions\/1908"}],"wp:attachment":[{"href":"https:\/\/chrisalcazar-correction.fr\/index.php\/wp-json\/wp\/v2\/media?parent=26"}],"curies":[{"name":"wp","href":"https:\/\/api.w.org\/{rel}","templated":true}]}}