{"id":355,"date":"2025-12-12T14:22:47","date_gmt":"2025-12-12T14:22:47","guid":{"rendered":"https:\/\/chrisalcazar-correction.fr\/?page_id=355"},"modified":"2026-02-27T15:38:01","modified_gmt":"2026-02-27T15:38:01","slug":"mentions-legales","status":"publish","type":"page","link":"https:\/\/chrisalcazar-correction.fr\/index.php\/mentions-legales\/","title":{"rendered":"Mentions l\u00e9gales"},"content":{"rendered":"\t\t<div data-elementor-type=\"wp-page\" data-elementor-id=\"355\" class=\"elementor elementor-355\">\n\t\t\t\t<div class=\"elementor-element elementor-element-bd31970 e-flex e-con-boxed e-con e-parent\" data-id=\"bd31970\" data-element_type=\"container\" data-e-type=\"container\">\n\t\t\t\t\t<div class=\"e-con-inner\">\n\t\t\t\t<div class=\"elementor-element elementor-element-309198b elementor-widget elementor-widget-heading\" data-id=\"309198b\" data-element_type=\"widget\" data-e-type=\"widget\" data-widget_type=\"heading.default\">\n\t\t\t\t\t<h2 class=\"elementor-heading-title elementor-size-default\">Mentions l\u00e9gales<\/h2>\t\t\t\t<\/div>\n\t\t\t\t\t<\/div>\n\t\t\t\t<\/div>\n\t\t<div class=\"elementor-element elementor-element-5ba2818 e-flex e-con-boxed e-con e-parent\" data-id=\"5ba2818\" data-element_type=\"container\" data-e-type=\"container\">\n\t\t\t\t\t<div class=\"e-con-inner\">\n\t\t\t\t<div class=\"elementor-element elementor-element-ea7f0ee elementor-widget elementor-widget-heading\" data-id=\"ea7f0ee\" data-element_type=\"widget\" data-e-type=\"widget\" data-widget_type=\"heading.default\">\n\t\t\t\t\t<h3 class=\"elementor-heading-title elementor-size-default\">\u00c9diteur du site<\/h3>\t\t\t\t<\/div>\n\t\t\t\t<div class=\"elementor-element elementor-element-5f30e50 elementor-widget elementor-widget-text-editor\" data-id=\"5f30e50\" data-element_type=\"widget\" data-e-type=\"widget\" data-widget_type=\"text-editor.default\">\n\t\t\t\t\t\t\t\t\t<p data-start=\"618\" data-end=\"715\">Le pr\u00e9sent site, accessible \u00e0 l\u2019URL :<br data-start=\"655\" data-end=\"658\" \/><strong data-start=\"658\" data-end=\"697\"><a class=\"decorated-link\" href=\"https:\/\/chrisalcazar-correction.fr\/\" target=\"_new\" rel=\"noopener\" data-start=\"660\" data-end=\"695\">https:\/\/chrisalcazar-correction.fr\/<\/a><\/strong><br data-start=\"697\" data-end=\"700\" \/>est \u00e9dit\u00e9 par :<\/p><ul data-start=\"717\" data-end=\"1076\"><li data-start=\"717\" data-end=\"753\"><p data-start=\"719\" data-end=\"753\"><strong data-start=\"719\" data-end=\"735\">Nom \/ Pr\u00e9nom<\/strong> : Christelle Alcazar<\/p><\/li><li data-start=\"717\" data-end=\"753\"><strong>Nom commercial<\/strong> : Chris Alcazar<\/li><li data-start=\"717\" data-end=\"753\"><p data-start=\"719\" data-end=\"753\"><strong data-start=\"756\" data-end=\"776\">Statut juridique<\/strong> : Micro-entrepreneur<\/p><\/li><li data-start=\"800\" data-end=\"854\"><p data-start=\"802\" data-end=\"854\"><strong data-start=\"802\" data-end=\"813\">Adresse<\/strong> : Adresse non communiqu\u00e9e publiquement<\/p><\/li><li data-start=\"855\" data-end=\"893\"><p data-start=\"857\" data-end=\"893\"><strong data-start=\"857\" data-end=\"875\">Adresse e-mail<\/strong> : chrisalcazar.correction@gmail.com<\/p><\/li><li data-start=\"894\" data-end=\"952\"><p data-start=\"896\" data-end=\"952\"><strong data-start=\"896\" data-end=\"919\">Num\u00e9ro de t\u00e9l\u00e9phone<\/strong> : 06 63 90 84 15<\/p><\/li><li data-start=\"953\" data-end=\"989\"><p data-start=\"955\" data-end=\"989\"><strong data-start=\"955\" data-end=\"971\">Num\u00e9ro SIRET<\/strong> : <em data-start=\"974\" data-end=\"987\">\u00e0 compl\u00e9ter<\/em><\/p><\/li><li data-start=\"990\" data-end=\"1076\"><p data-start=\"992\" data-end=\"1076\"><strong data-start=\"992\" data-end=\"1018\">TVA intracommunautaire<\/strong> : Non applicable, article 293B du Code g\u00e9n\u00e9ral des imp\u00f4ts<\/p><\/li><\/ul>\t\t\t\t\t\t\t\t<\/div>\n\t\t\t\t\t<\/div>\n\t\t\t\t<\/div>\n\t\t<div class=\"elementor-element elementor-element-4dff79e e-flex e-con-boxed e-con e-parent\" data-id=\"4dff79e\" data-element_type=\"container\" data-e-type=\"container\">\n\t\t\t\t\t<div class=\"e-con-inner\">\n\t\t\t\t<div class=\"elementor-element elementor-element-49811e8 elementor-widget elementor-widget-heading\" data-id=\"49811e8\" data-element_type=\"widget\" data-e-type=\"widget\" data-widget_type=\"heading.default\">\n\t\t\t\t\t<h3 class=\"elementor-heading-title elementor-size-default\">Directeur de la publication<\/h3>\t\t\t\t<\/div>\n\t\t\t\t<div class=\"elementor-element elementor-element-016f156 elementor-widget elementor-widget-text-editor\" data-id=\"016f156\" data-element_type=\"widget\" data-e-type=\"widget\" data-widget_type=\"text-editor.default\">\n\t\t\t\t\t\t\t\t\t<p>Le directeur de la publication est <strong data-start=\"1154\" data-end=\"1171\">Chris Alcazar<\/strong>.<\/p>\t\t\t\t\t\t\t\t<\/div>\n\t\t\t\t\t<\/div>\n\t\t\t\t<\/div>\n\t\t<div class=\"elementor-element elementor-element-d87c3c6 e-flex e-con-boxed e-con e-parent\" data-id=\"d87c3c6\" data-element_type=\"container\" data-e-type=\"container\">\n\t\t\t\t\t<div class=\"e-con-inner\">\n\t\t\t\t<div class=\"elementor-element elementor-element-20b2983 elementor-widget elementor-widget-heading\" data-id=\"20b2983\" data-element_type=\"widget\" data-e-type=\"widget\" data-widget_type=\"heading.default\">\n\t\t\t\t\t<h3 class=\"elementor-heading-title elementor-size-default\">H\u00e9bergement<\/h3>\t\t\t\t<\/div>\n\t\t\t\t<div class=\"elementor-element elementor-element-9646c8b elementor-widget elementor-widget-text-editor\" data-id=\"9646c8b\" data-element_type=\"widget\" data-e-type=\"widget\" data-widget_type=\"text-editor.default\">\n\t\t\t\t\t\t\t\t\t<p data-start=\"1199\" data-end=\"1224\">Le site est h\u00e9berg\u00e9 par :<\/p><p data-start=\"1226\" data-end=\"1302\"><strong data-start=\"1226\" data-end=\"1237\">OVH SAS<\/strong><br data-start=\"1237\" data-end=\"1240\" \/>2 rue Kellermann<br data-start=\"1256\" data-end=\"1259\" \/>59100 Roubaix \u2013 France<br data-start=\"1281\" data-end=\"1284\" \/>T\u00e9l\u00e9phone : 1007<\/p>\t\t\t\t\t\t\t\t<\/div>\n\t\t\t\t\t<\/div>\n\t\t\t\t<\/div>\n\t\t<div class=\"elementor-element elementor-element-a558379 e-flex e-con-boxed e-con e-parent\" data-id=\"a558379\" data-element_type=\"container\" data-e-type=\"container\">\n\t\t\t\t\t<div class=\"e-con-inner\">\n\t\t\t\t<div class=\"elementor-element elementor-element-9654d74 elementor-widget elementor-widget-heading\" data-id=\"9654d74\" data-element_type=\"widget\" data-e-type=\"widget\" data-widget_type=\"heading.default\">\n\t\t\t\t\t<h3 class=\"elementor-heading-title elementor-size-default\">Propri\u00e9t\u00e9 intellectuelle<\/h3>\t\t\t\t<\/div>\n\t\t\t\t<div class=\"elementor-element elementor-element-3495b0b elementor-widget elementor-widget-text-editor\" data-id=\"3495b0b\" data-element_type=\"widget\" data-e-type=\"widget\" data-widget_type=\"text-editor.default\">\n\t\t\t\t\t\t\t\t\t<p data-start=\"1342\" data-end=\"1501\">L\u2019ensemble des \u00e9l\u00e9ments composant le site (textes, images, graphismes, logo, structure, etc.) est prot\u00e9g\u00e9 par le droit d\u2019auteur et la propri\u00e9t\u00e9 intellectuelle.<\/p><p data-start=\"1503\" data-end=\"1698\">Toute reproduction, repr\u00e9sentation, modification ou adaptation, totale ou partielle, de tout ou partie du site, par quelque proc\u00e9d\u00e9 que ce soit, sans autorisation \u00e9crite pr\u00e9alable, est interdite.<\/p>\t\t\t\t\t\t\t\t<\/div>\n\t\t\t\t\t<\/div>\n\t\t\t\t<\/div>\n\t\t<div class=\"elementor-element elementor-element-3fc7c24 e-flex e-con-boxed e-con e-parent\" data-id=\"3fc7c24\" data-element_type=\"container\" data-e-type=\"container\">\n\t\t\t\t\t<div class=\"e-con-inner\">\n\t\t\t\t<div class=\"elementor-element elementor-element-4b05271 elementor-widget elementor-widget-heading\" data-id=\"4b05271\" data-element_type=\"widget\" data-e-type=\"widget\" data-widget_type=\"heading.default\">\n\t\t\t\t\t<h3 class=\"elementor-heading-title elementor-size-default\">Responsabilit\u00e9<\/h3>\t\t\t\t<\/div>\n\t\t\t\t<div class=\"elementor-element elementor-element-6d2e052 elementor-widget elementor-widget-text-editor\" data-id=\"6d2e052\" data-element_type=\"widget\" data-e-type=\"widget\" data-widget_type=\"text-editor.default\">\n\t\t\t\t\t\t\t\t\t<p data-start=\"1728\" data-end=\"1972\">Les informations diffus\u00e9es sur ce site sont fournies \u00e0 titre indicatif.<br data-start=\"1799\" data-end=\"1802\" \/>L\u2019\u00e9diteur s\u2019efforce de fournir des informations aussi pr\u00e9cises que possible, mais ne saurait \u00eatre tenu responsable des omissions, inexactitudes ou d\u00e9fauts de mise \u00e0 jour.<\/p><p data-start=\"1974\" data-end=\"2069\">L\u2019utilisateur reconna\u00eet utiliser les informations disponibles sous sa responsabilit\u00e9 exclusive.<\/p>\t\t\t\t\t\t\t\t<\/div>\n\t\t\t\t\t<\/div>\n\t\t\t\t<\/div>\n\t\t<div class=\"elementor-element elementor-element-94a7021 e-flex e-con-boxed e-con e-parent\" data-id=\"94a7021\" data-element_type=\"container\" data-e-type=\"container\">\n\t\t\t\t\t<div class=\"e-con-inner\">\n\t\t\t\t<div class=\"elementor-element elementor-element-b508880 elementor-widget elementor-widget-heading\" data-id=\"b508880\" data-element_type=\"widget\" data-e-type=\"widget\" data-widget_type=\"heading.default\">\n\t\t\t\t\t<h3 class=\"elementor-heading-title elementor-size-default\">Donn\u00e9es personnelles<\/h3>\t\t\t\t<\/div>\n\t\t\t\t<div class=\"elementor-element elementor-element-2e7e9e5 elementor-widget elementor-widget-text-editor\" data-id=\"2e7e9e5\" data-element_type=\"widget\" data-e-type=\"widget\" data-widget_type=\"text-editor.default\">\n\t\t\t\t\t\t\t\t\t<p data-start=\"2105\" data-end=\"2282\">Les donn\u00e9es personnelles collect\u00e9es via le formulaire de contact (nom, pr\u00e9nom, adresse e-mail, message) sont utilis\u00e9es exclusivement pour r\u00e9pondre aux demandes des utilisateurs.<\/p><p data-start=\"2284\" data-end=\"2356\">Ces donn\u00e9es ne sont ni vendues, ni \u00e9chang\u00e9es, ni transmises \u00e0 des tiers.<\/p><p data-start=\"2358\" data-end=\"2610\">Conform\u00e9ment au <strong data-start=\"2374\" data-end=\"2432\">R\u00e8glement G\u00e9n\u00e9ral sur la Protection des Donn\u00e9es (RGPD)<\/strong>, vous disposez d\u2019un droit d\u2019acc\u00e8s, de rectification et de suppression des donn\u00e9es vous concernant.<br data-start=\"2531\" data-end=\"2534\" \/>Vous pouvez exercer ces droits en me contactant via la page Contact : <a href=\"https:\/\/chrisalcazar-correction.fr\/index.php\/contact\/\" target=\"_blank\" rel=\"noopener\">https:\/\/chrisalcazar-correction.fr\/index.php\/contact\/<\/a><\/p><p data-start=\"2358\" data-end=\"2610\">ou par e-mail \u00e0 chrisalcazar.correction@gmail.com<\/p>\t\t\t\t\t\t\t\t<\/div>\n\t\t\t\t\t<\/div>\n\t\t\t\t<\/div>\n\t\t<div class=\"elementor-element elementor-element-9ec6b0e e-flex e-con-boxed e-con e-parent\" data-id=\"9ec6b0e\" data-element_type=\"container\" data-e-type=\"container\">\n\t\t\t\t\t<div class=\"e-con-inner\">\n\t\t\t\t<div class=\"elementor-element elementor-element-f44d8e1 elementor-widget elementor-widget-heading\" data-id=\"f44d8e1\" data-element_type=\"widget\" data-e-type=\"widget\" data-widget_type=\"heading.default\">\n\t\t\t\t\t<h3 class=\"elementor-heading-title elementor-size-default\">Cookies<\/h3>\t\t\t\t<\/div>\n\t\t\t\t<div class=\"elementor-element elementor-element-e5f0148 elementor-widget elementor-widget-text-editor\" data-id=\"e5f0148\" data-element_type=\"widget\" data-e-type=\"widget\" data-widget_type=\"text-editor.default\">\n\t\t\t\t\t\t\t\t\t<p data-start=\"2633\" data-end=\"2699\">Le site n\u2019utilise pas de cookies de suivi ou de mesure d\u2019audience.<\/p><p data-start=\"2701\" data-end=\"2789\">Des cookies strictement n\u00e9cessaires au bon fonctionnement du site peuvent \u00eatre utilis\u00e9s.<\/p>\t\t\t\t\t\t\t\t<\/div>\n\t\t\t\t\t<\/div>\n\t\t\t\t<\/div>\n\t\t\t\t<\/div>\n\t\t","protected":false},"excerpt":{"rendered":"<p>Mentions l\u00e9gales \u00c9diteur du site Le pr\u00e9sent site, accessible \u00e0 l\u2019URL :https:\/\/chrisalcazar-correction.fr\/est \u00e9dit\u00e9 par : Nom \/ Pr\u00e9nom : Christelle Alcazar Nom commercial : Chris Alcazar Statut juridique : Micro-entrepreneur Adresse : Adresse non communiqu\u00e9e publiquement Adresse e-mail : chrisalcazar.correction@gmail.com Num\u00e9ro de t\u00e9l\u00e9phone : 06 63 90 84 15 Num\u00e9ro SIRET : \u00e0 compl\u00e9ter TVA&#8230;<\/p>\n","protected":false},"author":1,"featured_media":0,"parent":0,"menu_order":0,"comment_status":"closed","ping_status":"closed","template":"","meta":{"_kadence_starter_templates_imported_post":false,"_kad_post_transparent":"default","_kad_post_title":"hide","_kad_post_layout":"fullwidth","_kad_post_sidebar_id":"","_kad_post_content_style":"unboxed","_kad_post_vertical_padding":"hide","_kad_post_feature":"hide","_kad_post_feature_position":"","_kad_post_header":false,"_kad_post_footer":false,"_kad_post_classname":"","footnotes":""},"class_list":["post-355","page","type-page","status-publish","hentry"],"yoast_head":"<!-- This site is optimized with the Yoast SEO plugin v27.3 - https:\/\/yoast.com\/product\/yoast-seo-wordpress\/ -->\n<title>Mentions l\u00e9gales - Chris Alcazar - Relecture, Correction &amp; Maquette<\/title>\n<meta name=\"description\" content=\"Page de mentions l\u00e9gales pour le site web Chris Alcazar, relecture, correction et maquette pour les auteur.ices et les entreprises.\" \/>\n<meta name=\"robots\" content=\"index, follow, max-snippet:-1, max-image-preview:large, max-video-preview:-1\" \/>\n<link rel=\"canonical\" href=\"http:\/\/chrisalcazar-correction.fr\/index.php\/mentions-legales\/\" \/>\n<meta property=\"og:locale\" content=\"fr_FR\" \/>\n<meta property=\"og:type\" content=\"article\" \/>\n<meta property=\"og:title\" content=\"Mentions l\u00e9gales - Chris Alcazar - Relecture, Correction &amp; Maquette\" \/>\n<meta property=\"og:description\" content=\"Page de mentions l\u00e9gales pour le site web Chris Alcazar, relecture, correction et maquette pour les auteur.ices et les entreprises.\" \/>\n<meta property=\"og:url\" content=\"http:\/\/chrisalcazar-correction.fr\/index.php\/mentions-legales\/\" \/>\n<meta property=\"og:site_name\" content=\"Chris Alcazar - Architecte des mots\" \/>\n<meta property=\"article:publisher\" content=\"https:\/\/www.facebook.com\/chrisalcazarcorrection\" \/>\n<meta property=\"article:modified_time\" content=\"2026-02-27T15:38:01+00:00\" \/>\n<meta name=\"twitter:card\" content=\"summary_large_image\" \/>\n<meta name=\"twitter:label1\" content=\"Dur\u00e9e de lecture estim\u00e9e\" \/>\n\t<meta name=\"twitter:data1\" content=\"2 minutes\" \/>\n<script type=\"application\/ld+json\" class=\"yoast-schema-graph\">{\"@context\":\"https:\\\/\\\/schema.org\",\"@graph\":[{\"@type\":\"WebPage\",\"@id\":\"http:\\\/\\\/chrisalcazar-correction.fr\\\/index.php\\\/mentions-legales\\\/\",\"url\":\"http:\\\/\\\/chrisalcazar-correction.fr\\\/index.php\\\/mentions-legales\\\/\",\"name\":\"Mentions l\u00e9gales - Chris Alcazar - Relecture, Correction & Maquette\",\"isPartOf\":{\"@id\":\"http:\\\/\\\/chrisalcazar-correction.fr\\\/#website\"},\"datePublished\":\"2025-12-12T14:22:47+00:00\",\"dateModified\":\"2026-02-27T15:38:01+00:00\",\"description\":\"Page de mentions l\u00e9gales pour le site web Chris Alcazar, relecture, correction et maquette pour les auteur.ices et les entreprises.\",\"breadcrumb\":{\"@id\":\"http:\\\/\\\/chrisalcazar-correction.fr\\\/index.php\\\/mentions-legales\\\/#breadcrumb\"},\"inLanguage\":\"fr-FR\",\"potentialAction\":[{\"@type\":\"ReadAction\",\"target\":[\"http:\\\/\\\/chrisalcazar-correction.fr\\\/index.php\\\/mentions-legales\\\/\"]}]},{\"@type\":\"BreadcrumbList\",\"@id\":\"http:\\\/\\\/chrisalcazar-correction.fr\\\/index.php\\\/mentions-legales\\\/#breadcrumb\",\"itemListElement\":[{\"@type\":\"ListItem\",\"position\":1,\"name\":\"Accueil\",\"item\":\"http:\\\/\\\/chrisalcazar-correction.fr\\\/\"},{\"@type\":\"ListItem\",\"position\":2,\"name\":\"Mentions l\u00e9gales\"}]},{\"@type\":\"WebSite\",\"@id\":\"http:\\\/\\\/chrisalcazar-correction.fr\\\/#website\",\"url\":\"http:\\\/\\\/chrisalcazar-correction.fr\\\/\",\"name\":\"Chris Alcazar - Architecte des mots\",\"description\":\"Relecture &amp; Correction\",\"publisher\":{\"@id\":\"http:\\\/\\\/chrisalcazar-correction.fr\\\/#organization\"},\"potentialAction\":[{\"@type\":\"SearchAction\",\"target\":{\"@type\":\"EntryPoint\",\"urlTemplate\":\"http:\\\/\\\/chrisalcazar-correction.fr\\\/?s={search_term_string}\"},\"query-input\":{\"@type\":\"PropertyValueSpecification\",\"valueRequired\":true,\"valueName\":\"search_term_string\"}}],\"inLanguage\":\"fr-FR\"},{\"@type\":\"Organization\",\"@id\":\"http:\\\/\\\/chrisalcazar-correction.fr\\\/#organization\",\"name\":\"Chris Alcazar - Architecte des mots\",\"url\":\"http:\\\/\\\/chrisalcazar-correction.fr\\\/\",\"logo\":{\"@type\":\"ImageObject\",\"inLanguage\":\"fr-FR\",\"@id\":\"http:\\\/\\\/chrisalcazar-correction.fr\\\/#\\\/schema\\\/logo\\\/image\\\/\",\"url\":\"https:\\\/\\\/chrisalcazar-correction.fr\\\/wp-content\\\/uploads\\\/2025\\\/12\\\/cropped-logo-paysage-chris-alcazar-relecture-correction.png\",\"contentUrl\":\"https:\\\/\\\/chrisalcazar-correction.fr\\\/wp-content\\\/uploads\\\/2025\\\/12\\\/cropped-logo-paysage-chris-alcazar-relecture-correction.png\",\"width\":900,\"height\":250,\"caption\":\"Chris Alcazar - Architecte des mots\"},\"image\":{\"@id\":\"http:\\\/\\\/chrisalcazar-correction.fr\\\/#\\\/schema\\\/logo\\\/image\\\/\"},\"sameAs\":[\"https:\\\/\\\/www.facebook.com\\\/chrisalcazarcorrection\",\"https:\\\/\\\/www.instagram.com\\\/chroniques.by.chris\\\/\",\"https:\\\/\\\/www.linkedin.com\\\/in\\\/chris-alcazar-correctrice\"]}]}<\/script>\n<!-- \/ Yoast SEO plugin. -->","yoast_head_json":{"title":"Mentions l\u00e9gales - Chris Alcazar - Relecture, Correction & Maquette","description":"Page de mentions l\u00e9gales pour le site web Chris Alcazar, relecture, correction et maquette pour les auteur.ices et les entreprises.","robots":{"index":"index","follow":"follow","max-snippet":"max-snippet:-1","max-image-preview":"max-image-preview:large","max-video-preview":"max-video-preview:-1"},"canonical":"http:\/\/chrisalcazar-correction.fr\/index.php\/mentions-legales\/","og_locale":"fr_FR","og_type":"article","og_title":"Mentions l\u00e9gales - Chris Alcazar - Relecture, Correction & Maquette","og_description":"Page de mentions l\u00e9gales pour le site web Chris Alcazar, relecture, correction et maquette pour les auteur.ices et les entreprises.","og_url":"http:\/\/chrisalcazar-correction.fr\/index.php\/mentions-legales\/","og_site_name":"Chris Alcazar - Architecte des mots","article_publisher":"https:\/\/www.facebook.com\/chrisalcazarcorrection","article_modified_time":"2026-02-27T15:38:01+00:00","twitter_card":"summary_large_image","twitter_misc":{"Dur\u00e9e de lecture estim\u00e9e":"2 minutes"},"schema":{"@context":"https:\/\/schema.org","@graph":[{"@type":"WebPage","@id":"http:\/\/chrisalcazar-correction.fr\/index.php\/mentions-legales\/","url":"http:\/\/chrisalcazar-correction.fr\/index.php\/mentions-legales\/","name":"Mentions l\u00e9gales - Chris Alcazar - Relecture, Correction & Maquette","isPartOf":{"@id":"http:\/\/chrisalcazar-correction.fr\/#website"},"datePublished":"2025-12-12T14:22:47+00:00","dateModified":"2026-02-27T15:38:01+00:00","description":"Page de mentions l\u00e9gales pour le site web Chris Alcazar, relecture, correction et maquette pour les auteur.ices et les entreprises.","breadcrumb":{"@id":"http:\/\/chrisalcazar-correction.fr\/index.php\/mentions-legales\/#breadcrumb"},"inLanguage":"fr-FR","potentialAction":[{"@type":"ReadAction","target":["http:\/\/chrisalcazar-correction.fr\/index.php\/mentions-legales\/"]}]},{"@type":"BreadcrumbList","@id":"http:\/\/chrisalcazar-correction.fr\/index.php\/mentions-legales\/#breadcrumb","itemListElement":[{"@type":"ListItem","position":1,"name":"Accueil","item":"http:\/\/chrisalcazar-correction.fr\/"},{"@type":"ListItem","position":2,"name":"Mentions l\u00e9gales"}]},{"@type":"WebSite","@id":"http:\/\/chrisalcazar-correction.fr\/#website","url":"http:\/\/chrisalcazar-correction.fr\/","name":"Chris Alcazar - Architecte des mots","description":"Relecture &amp; Correction","publisher":{"@id":"http:\/\/chrisalcazar-correction.fr\/#organization"},"potentialAction":[{"@type":"SearchAction","target":{"@type":"EntryPoint","urlTemplate":"http:\/\/chrisalcazar-correction.fr\/?s={search_term_string}"},"query-input":{"@type":"PropertyValueSpecification","valueRequired":true,"valueName":"search_term_string"}}],"inLanguage":"fr-FR"},{"@type":"Organization","@id":"http:\/\/chrisalcazar-correction.fr\/#organization","name":"Chris Alcazar - Architecte des mots","url":"http:\/\/chrisalcazar-correction.fr\/","logo":{"@type":"ImageObject","inLanguage":"fr-FR","@id":"http:\/\/chrisalcazar-correction.fr\/#\/schema\/logo\/image\/","url":"https:\/\/chrisalcazar-correction.fr\/wp-content\/uploads\/2025\/12\/cropped-logo-paysage-chris-alcazar-relecture-correction.png","contentUrl":"https:\/\/chrisalcazar-correction.fr\/wp-content\/uploads\/2025\/12\/cropped-logo-paysage-chris-alcazar-relecture-correction.png","width":900,"height":250,"caption":"Chris Alcazar - Architecte des mots"},"image":{"@id":"http:\/\/chrisalcazar-correction.fr\/#\/schema\/logo\/image\/"},"sameAs":["https:\/\/www.facebook.com\/chrisalcazarcorrection","https:\/\/www.instagram.com\/chroniques.by.chris\/","https:\/\/www.linkedin.com\/in\/chris-alcazar-correctrice"]}]}},"jetpack_sharing_enabled":true,"_links":{"self":[{"href":"https:\/\/chrisalcazar-correction.fr\/index.php\/wp-json\/wp\/v2\/pages\/355","targetHints":{"allow":["GET"]}}],"collection":[{"href":"https:\/\/chrisalcazar-correction.fr\/index.php\/wp-json\/wp\/v2\/pages"}],"about":[{"href":"https:\/\/chrisalcazar-correction.fr\/index.php\/wp-json\/wp\/v2\/types\/page"}],"author":[{"embeddable":true,"href":"https:\/\/chrisalcazar-correction.fr\/index.php\/wp-json\/wp\/v2\/users\/1"}],"replies":[{"embeddable":true,"href":"https:\/\/chrisalcazar-correction.fr\/index.php\/wp-json\/wp\/v2\/comments?post=355"}],"version-history":[{"count":23,"href":"https:\/\/chrisalcazar-correction.fr\/index.php\/wp-json\/wp\/v2\/pages\/355\/revisions"}],"predecessor-version":[{"id":1909,"href":"https:\/\/chrisalcazar-correction.fr\/index.php\/wp-json\/wp\/v2\/pages\/355\/revisions\/1909"}],"wp:attachment":[{"href":"https:\/\/chrisalcazar-correction.fr\/index.php\/wp-json\/wp\/v2\/media?parent=355"}],"curies":[{"name":"wp","href":"https:\/\/api.w.org\/{rel}","templated":true}]}}