{"id":357,"date":"2025-12-12T14:22:57","date_gmt":"2025-12-12T14:22:57","guid":{"rendered":"https:\/\/chrisalcazar-correction.fr\/?page_id=357"},"modified":"2026-02-27T15:39:10","modified_gmt":"2026-02-27T15:39:10","slug":"politique-de-confidentialite","status":"publish","type":"page","link":"https:\/\/chrisalcazar-correction.fr\/index.php\/politique-de-confidentialite\/","title":{"rendered":"Politique de confidentialit\u00e9"},"content":{"rendered":"\t\t<div data-elementor-type=\"wp-page\" data-elementor-id=\"357\" class=\"elementor elementor-357\">\n\t\t\t\t<div class=\"elementor-element elementor-element-a4fde27 e-flex e-con-boxed e-con e-parent\" data-id=\"a4fde27\" data-element_type=\"container\" data-e-type=\"container\">\n\t\t\t\t\t<div class=\"e-con-inner\">\n\t\t\t\t<div class=\"elementor-element elementor-element-e5986d7 elementor-widget elementor-widget-heading\" data-id=\"e5986d7\" data-element_type=\"widget\" data-e-type=\"widget\" data-widget_type=\"heading.default\">\n\t\t\t\t\t<h2 class=\"elementor-heading-title elementor-size-default\">Politique de confidentialit\u00e9<\/h2>\t\t\t\t<\/div>\n\t\t\t\t\t<\/div>\n\t\t\t\t<\/div>\n\t\t<div class=\"elementor-element elementor-element-0e4537f e-flex e-con-boxed e-con e-parent\" data-id=\"0e4537f\" data-element_type=\"container\" data-e-type=\"container\">\n\t\t\t\t\t<div class=\"e-con-inner\">\n\t\t\t\t<div class=\"elementor-element elementor-element-f70d3dd elementor-widget elementor-widget-heading\" data-id=\"f70d3dd\" data-element_type=\"widget\" data-e-type=\"widget\" data-widget_type=\"heading.default\">\n\t\t\t\t\t<h3 class=\"elementor-heading-title elementor-size-default\">1. Responsable du traitement<\/h3>\t\t\t\t<\/div>\n\t\t\t\t<div class=\"elementor-element elementor-element-72b9520 elementor-widget elementor-widget-text-editor\" data-id=\"72b9520\" data-element_type=\"widget\" data-e-type=\"widget\" data-widget_type=\"text-editor.default\">\n\t\t\t\t\t\t\t\t\t<p data-start=\"769\" data-end=\"891\">Le responsable du traitement des donn\u00e9es personnelles collect\u00e9es sur le site <strong data-start=\"846\" data-end=\"885\"><a class=\"decorated-link\" href=\"https:\/\/chrisalcazar-correction.fr\/\" target=\"_new\" rel=\"noopener\" data-start=\"848\" data-end=\"883\">https:\/\/chrisalcazar-correction.fr\/<\/a><\/strong> est :<\/p><ul data-start=\"893\" data-end=\"1013\"><li data-start=\"893\" data-end=\"929\"><p data-start=\"895\" data-end=\"929\"><strong data-start=\"895\" data-end=\"911\">Nom \/ Pr\u00e9nom<\/strong> : Christelle Alcazar<\/p><\/li><li data-start=\"893\" data-end=\"929\"><strong>Nom commercial<\/strong> : Chris Alcazar<\/li><li data-start=\"930\" data-end=\"965\"><p data-start=\"932\" data-end=\"965\"><strong data-start=\"932\" data-end=\"942\">Statut<\/strong> : Micro-entrepreneur<\/p><\/li><li data-start=\"966\" data-end=\"1013\"><p data-start=\"968\" data-end=\"1013\"><strong data-start=\"968\" data-end=\"997\">Adresse e-mail de contact<\/strong> : chrisalcazar.correction@gmail.com<\/p><\/li><\/ul>\t\t\t\t\t\t\t\t<\/div>\n\t\t\t\t\t<\/div>\n\t\t\t\t<\/div>\n\t\t<div class=\"elementor-element elementor-element-56a5620 e-flex e-con-boxed e-con e-parent\" data-id=\"56a5620\" data-element_type=\"container\" data-e-type=\"container\">\n\t\t\t\t\t<div class=\"e-con-inner\">\n\t\t\t\t<div class=\"elementor-element elementor-element-c00d39a elementor-widget elementor-widget-heading\" data-id=\"c00d39a\" data-element_type=\"widget\" data-e-type=\"widget\" data-widget_type=\"heading.default\">\n\t\t\t\t\t<h3 class=\"elementor-heading-title elementor-size-default\">2. Donn\u00e9es personnelles collect\u00e9es<\/h3>\t\t\t\t<\/div>\n\t\t\t\t<div class=\"elementor-element elementor-element-6b15dc4 elementor-widget elementor-widget-text-editor\" data-id=\"6b15dc4\" data-element_type=\"widget\" data-e-type=\"widget\" data-widget_type=\"text-editor.default\">\n\t\t\t\t\t\t\t\t\t<p data-start=\"1063\" data-end=\"1184\">Le site collecte uniquement les donn\u00e9es strictement n\u00e9cessaires au traitement des demandes via le formulaire de contact :<\/p><ul data-start=\"1186\" data-end=\"1233\"><li data-start=\"1186\" data-end=\"1193\"><p data-start=\"1188\" data-end=\"1193\">Nom<\/p><\/li><li data-start=\"1194\" data-end=\"1204\"><p data-start=\"1196\" data-end=\"1204\">Pr\u00e9nom<\/p><\/li><li data-start=\"1205\" data-end=\"1223\"><p data-start=\"1207\" data-end=\"1223\">Adresse e-mail<\/p><\/li><li data-start=\"1224\" data-end=\"1233\"><p data-start=\"1226\" data-end=\"1233\">Message<\/p><\/li><\/ul><p data-start=\"1235\" data-end=\"1274\">Aucune donn\u00e9e sensible n\u2019est collect\u00e9e.<\/p>\t\t\t\t\t\t\t\t<\/div>\n\t\t\t\t\t<\/div>\n\t\t\t\t<\/div>\n\t\t<div class=\"elementor-element elementor-element-55256c5 e-flex e-con-boxed e-con e-parent\" data-id=\"55256c5\" data-element_type=\"container\" data-e-type=\"container\">\n\t\t\t\t\t<div class=\"e-con-inner\">\n\t\t\t\t<div class=\"elementor-element elementor-element-7a811d2 elementor-widget elementor-widget-heading\" data-id=\"7a811d2\" data-element_type=\"widget\" data-e-type=\"widget\" data-widget_type=\"heading.default\">\n\t\t\t\t\t<h3 class=\"elementor-heading-title elementor-size-default\">3. Finalit\u00e9 du traitement<\/h3>\t\t\t\t<\/div>\n\t\t\t\t<div class=\"elementor-element elementor-element-f723cbd elementor-widget elementor-widget-text-editor\" data-id=\"f723cbd\" data-element_type=\"widget\" data-e-type=\"widget\" data-widget_type=\"text-editor.default\">\n\t\t\t\t\t\t\t\t\t<p data-start=\"1315\" data-end=\"1386\">Les donn\u00e9es personnelles sont collect\u00e9es pour les finalit\u00e9s suivantes :<\/p><ul data-start=\"1388\" data-end=\"1505\"><li data-start=\"1388\" data-end=\"1451\"><p data-start=\"1390\" data-end=\"1451\">r\u00e9pondre aux demandes envoy\u00e9es via le formulaire de contact<\/p><\/li><li data-start=\"1452\" data-end=\"1505\"><p data-start=\"1454\" data-end=\"1505\">assurer le suivi des \u00e9changes avec les utilisateurs<\/p><\/li><\/ul>\t\t\t\t\t\t\t\t<\/div>\n\t\t\t\t\t<\/div>\n\t\t\t\t<\/div>\n\t\t<div class=\"elementor-element elementor-element-929394d e-flex e-con-boxed e-con e-parent\" data-id=\"929394d\" data-element_type=\"container\" data-e-type=\"container\">\n\t\t\t\t\t<div class=\"e-con-inner\">\n\t\t\t\t<div class=\"elementor-element elementor-element-fb4a86d elementor-widget elementor-widget-heading\" data-id=\"fb4a86d\" data-element_type=\"widget\" data-e-type=\"widget\" data-widget_type=\"heading.default\">\n\t\t\t\t\t<h3 class=\"elementor-heading-title elementor-size-default\">4. Base l\u00e9gale du traitement<\/h3>\t\t\t\t<\/div>\n\t\t\t\t<div class=\"elementor-element elementor-element-146f0cd elementor-widget elementor-widget-text-editor\" data-id=\"146f0cd\" data-element_type=\"widget\" data-e-type=\"widget\" data-widget_type=\"text-editor.default\">\n\t\t\t\t\t\t\t\t\t<p>Le traitement des donn\u00e9es repose sur le <strong data-start=\"1589\" data-end=\"1622\">consentement de l\u2019utilisateur<\/strong>, conform\u00e9ment \u00e0 l\u2019article 6.1.a du RGPD.<\/p>\t\t\t\t\t\t\t\t<\/div>\n\t\t\t\t\t<\/div>\n\t\t\t\t<\/div>\n\t\t<div class=\"elementor-element elementor-element-aebe280 e-flex e-con-boxed e-con e-parent\" data-id=\"aebe280\" data-element_type=\"container\" data-e-type=\"container\">\n\t\t\t\t\t<div class=\"e-con-inner\">\n\t\t\t\t<div class=\"elementor-element elementor-element-bdfb273 elementor-widget elementor-widget-heading\" data-id=\"bdfb273\" data-element_type=\"widget\" data-e-type=\"widget\" data-widget_type=\"heading.default\">\n\t\t\t\t\t<h3 class=\"elementor-heading-title elementor-size-default\">5. Destinataires des donn\u00e9es<\/h3>\t\t\t\t<\/div>\n\t\t\t\t<div class=\"elementor-element elementor-element-116acec elementor-widget elementor-widget-text-editor\" data-id=\"116acec\" data-element_type=\"widget\" data-e-type=\"widget\" data-widget_type=\"text-editor.default\">\n\t\t\t\t\t\t\t\t\t<p data-start=\"1707\" data-end=\"1780\">Les donn\u00e9es collect\u00e9es sont destin\u00e9es uniquement \u00e0 <strong data-start=\"1758\" data-end=\"1779\">l\u2019\u00e9diteur du site<\/strong>.<\/p><p data-start=\"1782\" data-end=\"1841\">Elles ne sont ni vendues, ni lou\u00e9es, ni c\u00e9d\u00e9es \u00e0 des tiers.<\/p>\t\t\t\t\t\t\t\t<\/div>\n\t\t\t\t\t<\/div>\n\t\t\t\t<\/div>\n\t\t<div class=\"elementor-element elementor-element-32e3ca2 e-flex e-con-boxed e-con e-parent\" data-id=\"32e3ca2\" data-element_type=\"container\" data-e-type=\"container\">\n\t\t\t\t\t<div class=\"e-con-inner\">\n\t\t\t\t<div class=\"elementor-element elementor-element-0682d69 elementor-widget elementor-widget-heading\" data-id=\"0682d69\" data-element_type=\"widget\" data-e-type=\"widget\" data-widget_type=\"heading.default\">\n\t\t\t\t\t<h3 class=\"elementor-heading-title elementor-size-default\">6. Dur\u00e9e de conservation<\/h3>\t\t\t\t<\/div>\n\t\t\t\t<div class=\"elementor-element elementor-element-afb4c79 elementor-widget elementor-widget-text-editor\" data-id=\"afb4c79\" data-element_type=\"widget\" data-e-type=\"widget\" data-widget_type=\"text-editor.default\">\n\t\t\t\t\t\t\t\t\t<p>Les donn\u00e9es personnelles sont conserv\u00e9es pour une dur\u00e9e maximale de <strong data-start=\"1949\" data-end=\"1958\">3 ans<\/strong> \u00e0 compter du dernier \u00e9change avec l\u2019utilisateur.<\/p>\t\t\t\t\t\t\t\t<\/div>\n\t\t\t\t\t<\/div>\n\t\t\t\t<\/div>\n\t\t<div class=\"elementor-element elementor-element-789688b e-flex e-con-boxed e-con e-parent\" data-id=\"789688b\" data-element_type=\"container\" data-e-type=\"container\">\n\t\t\t\t\t<div class=\"e-con-inner\">\n\t\t\t\t<div class=\"elementor-element elementor-element-9d71b89 elementor-widget elementor-widget-heading\" data-id=\"9d71b89\" data-element_type=\"widget\" data-e-type=\"widget\" data-widget_type=\"heading.default\">\n\t\t\t\t\t<h3 class=\"elementor-heading-title elementor-size-default\">7. S\u00e9curit\u00e9 des donn\u00e9es<\/h3>\t\t\t\t<\/div>\n\t\t\t\t<div class=\"elementor-element elementor-element-0e0b1cc elementor-widget elementor-widget-text-editor\" data-id=\"0e0b1cc\" data-element_type=\"widget\" data-e-type=\"widget\" data-widget_type=\"text-editor.default\">\n\t\t\t\t\t\t\t\t\t<p>Le responsable du traitement met en \u0153uvre des mesures techniques et organisationnelles appropri\u00e9es afin de garantir la s\u00e9curit\u00e9 et la confidentialit\u00e9 des donn\u00e9es personnelles.<\/p>\t\t\t\t\t\t\t\t<\/div>\n\t\t\t\t\t<\/div>\n\t\t\t\t<\/div>\n\t\t<div class=\"elementor-element elementor-element-9e26fd1 e-flex e-con-boxed e-con e-parent\" data-id=\"9e26fd1\" data-element_type=\"container\" data-e-type=\"container\">\n\t\t\t\t\t<div class=\"e-con-inner\">\n\t\t\t\t<div class=\"elementor-element elementor-element-6448ccf elementor-widget elementor-widget-heading\" data-id=\"6448ccf\" data-element_type=\"widget\" data-e-type=\"widget\" data-widget_type=\"heading.default\">\n\t\t\t\t\t<h3 class=\"elementor-heading-title elementor-size-default\">8. Droits des utilisateurs<\/h3>\t\t\t\t<\/div>\n\t\t\t\t<div class=\"elementor-element elementor-element-800151e elementor-widget elementor-widget-text-editor\" data-id=\"800151e\" data-element_type=\"widget\" data-e-type=\"widget\" data-widget_type=\"text-editor.default\">\n\t\t\t\t\t\t\t\t\t<p data-start=\"2263\" data-end=\"2374\">Conform\u00e9ment au <strong data-start=\"2279\" data-end=\"2337\">R\u00e8glement G\u00e9n\u00e9ral sur la Protection des Donn\u00e9es (RGPD)<\/strong>, vous disposez des droits suivants :<\/p><ul data-start=\"2376\" data-end=\"2543\"><li data-start=\"2376\" data-end=\"2393\"><p data-start=\"2378\" data-end=\"2393\">droit d\u2019acc\u00e8s<\/p><\/li><li data-start=\"2394\" data-end=\"2420\"><p data-start=\"2396\" data-end=\"2420\">droit de rectification<\/p><\/li><li data-start=\"2421\" data-end=\"2443\"><p data-start=\"2423\" data-end=\"2443\">droit d\u2019effacement<\/p><\/li><li data-start=\"2444\" data-end=\"2483\"><p data-start=\"2446\" data-end=\"2483\">droit \u00e0 la limitation du traitement<\/p><\/li><li data-start=\"2484\" data-end=\"2506\"><p data-start=\"2486\" data-end=\"2506\">droit d\u2019opposition<\/p><\/li><li data-start=\"2507\" data-end=\"2543\"><p data-start=\"2509\" data-end=\"2543\">droit \u00e0 la portabilit\u00e9 des donn\u00e9es<\/p><\/li><\/ul><p data-start=\"2545\" data-end=\"2631\">Vous pouvez exercer ces droits en envoyant un e-mail \u00e0 : chrisalcazar.correction@gmail.com ou en contactant via la page Contact <a href=\"https:\/\/chrisalcazar-correction.fr\/index.php\/contact\/\" target=\"_blank\" rel=\"noopener\">https:\/\/chrisalcazar-correction.fr\/index.php\/contact\/<\/a><\/p>\t\t\t\t\t\t\t\t<\/div>\n\t\t\t\t\t<\/div>\n\t\t\t\t<\/div>\n\t\t<div class=\"elementor-element elementor-element-768c85a e-flex e-con-boxed e-con e-parent\" data-id=\"768c85a\" data-element_type=\"container\" data-e-type=\"container\">\n\t\t\t\t\t<div class=\"e-con-inner\">\n\t\t\t\t<div class=\"elementor-element elementor-element-bc195d5 elementor-widget elementor-widget-heading\" data-id=\"bc195d5\" data-element_type=\"widget\" data-e-type=\"widget\" data-widget_type=\"heading.default\">\n\t\t\t\t\t<h3 class=\"elementor-heading-title elementor-size-default\">9. R\u00e9clamation<\/h3>\t\t\t\t<\/div>\n\t\t\t\t<div class=\"elementor-element elementor-element-9b9a8ff elementor-widget elementor-widget-text-editor\" data-id=\"9b9a8ff\" data-element_type=\"widget\" data-e-type=\"widget\" data-widget_type=\"text-editor.default\">\n\t\t\t\t\t\t\t\t\t<p>Si vous estimez, apr\u00e8s nous avoir contact\u00e9s, que vos droits ne sont pas respect\u00e9s, vous pouvez adresser une r\u00e9clamation aupr\u00e8s de la <strong data-start=\"2794\" data-end=\"2802\">CNIL<\/strong> :<\/p>\t\t\t\t\t\t\t\t<\/div>\n\t\t\t\t\t<\/div>\n\t\t\t\t<\/div>\n\t\t<div class=\"elementor-element elementor-element-3e4accf e-flex e-con-boxed e-con e-parent\" data-id=\"3e4accf\" data-element_type=\"container\" data-e-type=\"container\">\n\t\t\t\t\t<div class=\"e-con-inner\">\n\t\t\t\t<div class=\"elementor-element elementor-element-7349376 elementor-widget elementor-widget-heading\" data-id=\"7349376\" data-element_type=\"widget\" data-e-type=\"widget\" data-widget_type=\"heading.default\">\n\t\t\t\t\t<h3 class=\"elementor-heading-title elementor-size-default\">10. Cookies<\/h3>\t\t\t\t<\/div>\n\t\t\t\t<div class=\"elementor-element elementor-element-b0e2913 elementor-widget elementor-widget-text-editor\" data-id=\"b0e2913\" data-element_type=\"widget\" data-e-type=\"widget\" data-widget_type=\"text-editor.default\">\n\t\t\t\t\t\t\t\t\t<p>Le site n\u2019utilise pas de cookies de suivi ou de mesure d\u2019audience.<\/p><p>Seuls des cookies strictement n\u00e9cessaires au fonctionnement du site peuvent \u00eatre utilis\u00e9s.<\/p>\t\t\t\t\t\t\t\t<\/div>\n\t\t\t\t\t<\/div>\n\t\t\t\t<\/div>\n\t\t\t\t<\/div>\n\t\t","protected":false},"excerpt":{"rendered":"<p>Politique de confidentialit\u00e9 1. Responsable du traitement Le responsable du traitement des donn\u00e9es personnelles collect\u00e9es sur le site https:\/\/chrisalcazar-correction.fr\/ est : Nom \/ Pr\u00e9nom : Christelle Alcazar Nom commercial : Chris Alcazar Statut : Micro-entrepreneur Adresse e-mail de contact : chrisalcazar.correction@gmail.com 2. Donn\u00e9es personnelles collect\u00e9es Le site collecte uniquement les donn\u00e9es strictement n\u00e9cessaires au traitement&#8230;<\/p>\n","protected":false},"author":1,"featured_media":0,"parent":0,"menu_order":0,"comment_status":"closed","ping_status":"closed","template":"","meta":{"_kadence_starter_templates_imported_post":false,"_kad_post_transparent":"default","_kad_post_title":"hide","_kad_post_layout":"fullwidth","_kad_post_sidebar_id":"","_kad_post_content_style":"unboxed","_kad_post_vertical_padding":"hide","_kad_post_feature":"hide","_kad_post_feature_position":"","_kad_post_header":false,"_kad_post_footer":false,"_kad_post_classname":"","footnotes":""},"class_list":["post-357","page","type-page","status-publish","hentry"],"yoast_head":"<!-- This site is optimized with the Yoast SEO plugin v27.3 - https:\/\/yoast.com\/product\/yoast-seo-wordpress\/ -->\n<title>Politique de confidentialit\u00e9 - Chris Alcazar - Relecture et Correction<\/title>\n<meta name=\"description\" content=\"Politique de confidentialit\u00e9 pour le site web de Chris Alcazar, relecture, correction et mise en page pour auteur.ices et entreprises.\" \/>\n<meta name=\"robots\" content=\"index, follow, max-snippet:-1, max-image-preview:large, max-video-preview:-1\" \/>\n<link rel=\"canonical\" href=\"https:\/\/chrisalcazar-correction.fr\/index.php\/politique-de-confidentialite\/\" \/>\n<meta property=\"og:locale\" content=\"fr_FR\" \/>\n<meta property=\"og:type\" content=\"article\" \/>\n<meta property=\"og:title\" content=\"Politique de confidentialit\u00e9 - Chris Alcazar - Relecture et Correction\" \/>\n<meta property=\"og:description\" content=\"Politique de confidentialit\u00e9 pour le site web de Chris Alcazar, relecture, correction et mise en page pour auteur.ices et entreprises.\" \/>\n<meta property=\"og:url\" content=\"https:\/\/chrisalcazar-correction.fr\/index.php\/politique-de-confidentialite\/\" \/>\n<meta property=\"og:site_name\" content=\"Chris Alcazar - Architecte des mots\" \/>\n<meta property=\"article:publisher\" content=\"https:\/\/www.facebook.com\/chrisalcazarcorrection\" \/>\n<meta property=\"article:modified_time\" content=\"2026-02-27T15:39:10+00:00\" \/>\n<meta name=\"twitter:card\" content=\"summary_large_image\" \/>\n<meta name=\"twitter:label1\" content=\"Dur\u00e9e de lecture estim\u00e9e\" \/>\n\t<meta name=\"twitter:data1\" content=\"2 minutes\" \/>\n<script type=\"application\/ld+json\" class=\"yoast-schema-graph\">{\"@context\":\"https:\\\/\\\/schema.org\",\"@graph\":[{\"@type\":\"WebPage\",\"@id\":\"https:\\\/\\\/chrisalcazar-correction.fr\\\/index.php\\\/politique-de-confidentialite\\\/\",\"url\":\"https:\\\/\\\/chrisalcazar-correction.fr\\\/index.php\\\/politique-de-confidentialite\\\/\",\"name\":\"Politique de confidentialit\u00e9 - Chris Alcazar - Relecture et Correction\",\"isPartOf\":{\"@id\":\"http:\\\/\\\/chrisalcazar-correction.fr\\\/#website\"},\"datePublished\":\"2025-12-12T14:22:57+00:00\",\"dateModified\":\"2026-02-27T15:39:10+00:00\",\"description\":\"Politique de confidentialit\u00e9 pour le site web de Chris Alcazar, relecture, correction et mise en page pour auteur.ices et entreprises.\",\"breadcrumb\":{\"@id\":\"https:\\\/\\\/chrisalcazar-correction.fr\\\/index.php\\\/politique-de-confidentialite\\\/#breadcrumb\"},\"inLanguage\":\"fr-FR\",\"potentialAction\":[{\"@type\":\"ReadAction\",\"target\":[\"https:\\\/\\\/chrisalcazar-correction.fr\\\/index.php\\\/politique-de-confidentialite\\\/\"]}]},{\"@type\":\"BreadcrumbList\",\"@id\":\"https:\\\/\\\/chrisalcazar-correction.fr\\\/index.php\\\/politique-de-confidentialite\\\/#breadcrumb\",\"itemListElement\":[{\"@type\":\"ListItem\",\"position\":1,\"name\":\"Accueil\",\"item\":\"http:\\\/\\\/chrisalcazar-correction.fr\\\/\"},{\"@type\":\"ListItem\",\"position\":2,\"name\":\"Politique de confidentialit\u00e9\"}]},{\"@type\":\"WebSite\",\"@id\":\"http:\\\/\\\/chrisalcazar-correction.fr\\\/#website\",\"url\":\"http:\\\/\\\/chrisalcazar-correction.fr\\\/\",\"name\":\"Chris Alcazar - Architecte des mots\",\"description\":\"Relecture &amp; Correction\",\"publisher\":{\"@id\":\"http:\\\/\\\/chrisalcazar-correction.fr\\\/#organization\"},\"potentialAction\":[{\"@type\":\"SearchAction\",\"target\":{\"@type\":\"EntryPoint\",\"urlTemplate\":\"http:\\\/\\\/chrisalcazar-correction.fr\\\/?s={search_term_string}\"},\"query-input\":{\"@type\":\"PropertyValueSpecification\",\"valueRequired\":true,\"valueName\":\"search_term_string\"}}],\"inLanguage\":\"fr-FR\"},{\"@type\":\"Organization\",\"@id\":\"http:\\\/\\\/chrisalcazar-correction.fr\\\/#organization\",\"name\":\"Chris Alcazar - Architecte des mots\",\"url\":\"http:\\\/\\\/chrisalcazar-correction.fr\\\/\",\"logo\":{\"@type\":\"ImageObject\",\"inLanguage\":\"fr-FR\",\"@id\":\"http:\\\/\\\/chrisalcazar-correction.fr\\\/#\\\/schema\\\/logo\\\/image\\\/\",\"url\":\"https:\\\/\\\/chrisalcazar-correction.fr\\\/wp-content\\\/uploads\\\/2025\\\/12\\\/cropped-logo-paysage-chris-alcazar-relecture-correction.png\",\"contentUrl\":\"https:\\\/\\\/chrisalcazar-correction.fr\\\/wp-content\\\/uploads\\\/2025\\\/12\\\/cropped-logo-paysage-chris-alcazar-relecture-correction.png\",\"width\":900,\"height\":250,\"caption\":\"Chris Alcazar - Architecte des mots\"},\"image\":{\"@id\":\"http:\\\/\\\/chrisalcazar-correction.fr\\\/#\\\/schema\\\/logo\\\/image\\\/\"},\"sameAs\":[\"https:\\\/\\\/www.facebook.com\\\/chrisalcazarcorrection\",\"https:\\\/\\\/www.instagram.com\\\/chroniques.by.chris\\\/\",\"https:\\\/\\\/www.linkedin.com\\\/in\\\/chris-alcazar-correctrice\"]}]}<\/script>\n<!-- \/ Yoast SEO plugin. -->","yoast_head_json":{"title":"Politique de confidentialit\u00e9 - Chris Alcazar - Relecture et Correction","description":"Politique de confidentialit\u00e9 pour le site web de Chris Alcazar, relecture, correction et mise en page pour auteur.ices et entreprises.","robots":{"index":"index","follow":"follow","max-snippet":"max-snippet:-1","max-image-preview":"max-image-preview:large","max-video-preview":"max-video-preview:-1"},"canonical":"https:\/\/chrisalcazar-correction.fr\/index.php\/politique-de-confidentialite\/","og_locale":"fr_FR","og_type":"article","og_title":"Politique de confidentialit\u00e9 - Chris Alcazar - Relecture et Correction","og_description":"Politique de confidentialit\u00e9 pour le site web de Chris Alcazar, relecture, correction et mise en page pour auteur.ices et entreprises.","og_url":"https:\/\/chrisalcazar-correction.fr\/index.php\/politique-de-confidentialite\/","og_site_name":"Chris Alcazar - Architecte des mots","article_publisher":"https:\/\/www.facebook.com\/chrisalcazarcorrection","article_modified_time":"2026-02-27T15:39:10+00:00","twitter_card":"summary_large_image","twitter_misc":{"Dur\u00e9e de lecture estim\u00e9e":"2 minutes"},"schema":{"@context":"https:\/\/schema.org","@graph":[{"@type":"WebPage","@id":"https:\/\/chrisalcazar-correction.fr\/index.php\/politique-de-confidentialite\/","url":"https:\/\/chrisalcazar-correction.fr\/index.php\/politique-de-confidentialite\/","name":"Politique de confidentialit\u00e9 - Chris Alcazar - Relecture et Correction","isPartOf":{"@id":"http:\/\/chrisalcazar-correction.fr\/#website"},"datePublished":"2025-12-12T14:22:57+00:00","dateModified":"2026-02-27T15:39:10+00:00","description":"Politique de confidentialit\u00e9 pour le site web de Chris Alcazar, relecture, correction et mise en page pour auteur.ices et entreprises.","breadcrumb":{"@id":"https:\/\/chrisalcazar-correction.fr\/index.php\/politique-de-confidentialite\/#breadcrumb"},"inLanguage":"fr-FR","potentialAction":[{"@type":"ReadAction","target":["https:\/\/chrisalcazar-correction.fr\/index.php\/politique-de-confidentialite\/"]}]},{"@type":"BreadcrumbList","@id":"https:\/\/chrisalcazar-correction.fr\/index.php\/politique-de-confidentialite\/#breadcrumb","itemListElement":[{"@type":"ListItem","position":1,"name":"Accueil","item":"http:\/\/chrisalcazar-correction.fr\/"},{"@type":"ListItem","position":2,"name":"Politique de confidentialit\u00e9"}]},{"@type":"WebSite","@id":"http:\/\/chrisalcazar-correction.fr\/#website","url":"http:\/\/chrisalcazar-correction.fr\/","name":"Chris Alcazar - Architecte des mots","description":"Relecture &amp; Correction","publisher":{"@id":"http:\/\/chrisalcazar-correction.fr\/#organization"},"potentialAction":[{"@type":"SearchAction","target":{"@type":"EntryPoint","urlTemplate":"http:\/\/chrisalcazar-correction.fr\/?s={search_term_string}"},"query-input":{"@type":"PropertyValueSpecification","valueRequired":true,"valueName":"search_term_string"}}],"inLanguage":"fr-FR"},{"@type":"Organization","@id":"http:\/\/chrisalcazar-correction.fr\/#organization","name":"Chris Alcazar - Architecte des mots","url":"http:\/\/chrisalcazar-correction.fr\/","logo":{"@type":"ImageObject","inLanguage":"fr-FR","@id":"http:\/\/chrisalcazar-correction.fr\/#\/schema\/logo\/image\/","url":"https:\/\/chrisalcazar-correction.fr\/wp-content\/uploads\/2025\/12\/cropped-logo-paysage-chris-alcazar-relecture-correction.png","contentUrl":"https:\/\/chrisalcazar-correction.fr\/wp-content\/uploads\/2025\/12\/cropped-logo-paysage-chris-alcazar-relecture-correction.png","width":900,"height":250,"caption":"Chris Alcazar - Architecte des mots"},"image":{"@id":"http:\/\/chrisalcazar-correction.fr\/#\/schema\/logo\/image\/"},"sameAs":["https:\/\/www.facebook.com\/chrisalcazarcorrection","https:\/\/www.instagram.com\/chroniques.by.chris\/","https:\/\/www.linkedin.com\/in\/chris-alcazar-correctrice"]}]}},"jetpack_sharing_enabled":true,"_links":{"self":[{"href":"https:\/\/chrisalcazar-correction.fr\/index.php\/wp-json\/wp\/v2\/pages\/357","targetHints":{"allow":["GET"]}}],"collection":[{"href":"https:\/\/chrisalcazar-correction.fr\/index.php\/wp-json\/wp\/v2\/pages"}],"about":[{"href":"https:\/\/chrisalcazar-correction.fr\/index.php\/wp-json\/wp\/v2\/types\/page"}],"author":[{"embeddable":true,"href":"https:\/\/chrisalcazar-correction.fr\/index.php\/wp-json\/wp\/v2\/users\/1"}],"replies":[{"embeddable":true,"href":"https:\/\/chrisalcazar-correction.fr\/index.php\/wp-json\/wp\/v2\/comments?post=357"}],"version-history":[{"count":35,"href":"https:\/\/chrisalcazar-correction.fr\/index.php\/wp-json\/wp\/v2\/pages\/357\/revisions"}],"predecessor-version":[{"id":1910,"href":"https:\/\/chrisalcazar-correction.fr\/index.php\/wp-json\/wp\/v2\/pages\/357\/revisions\/1910"}],"wp:attachment":[{"href":"https:\/\/chrisalcazar-correction.fr\/index.php\/wp-json\/wp\/v2\/media?parent=357"}],"curies":[{"name":"wp","href":"https:\/\/api.w.org\/{rel}","templated":true}]}}